{"id":645,"date":"2022-10-30T09:12:32","date_gmt":"2022-10-30T09:12:32","guid":{"rendered":"https:\/\/www.fahrschule-carsten-bruns.de\/wp\/?page_id=645"},"modified":"2022-12-17T16:11:32","modified_gmt":"2022-12-17T16:11:32","slug":"theorie","status":"publish","type":"page","link":"https:\/\/www.fahrschule-carsten-bruns.de\/wp\/theorie\/","title":{"rendered":"Theorie"},"content":{"rendered":"\t\t<div data-elementor-type=\"wp-page\" data-elementor-id=\"645\" class=\"elementor elementor-645\" data-elementor-settings=\"{&quot;ha_cmc_init_switcher&quot;:&quot;no&quot;}\">\n\t\t\t\t\t\t<section class=\"elementor-section elementor-top-section elementor-element elementor-element-7e77ec33 elementor-section-boxed elementor-section-height-default elementor-section-height-default\" data-id=\"7e77ec33\" data-element_type=\"section\" data-e-type=\"section\" data-settings=\"{&quot;background_background&quot;:&quot;classic&quot;,&quot;_ha_eqh_enable&quot;:false}\">\n\t\t\t\t\t\t<div class=\"elementor-container elementor-column-gap-default\">\n\t\t\t\t\t<div class=\"elementor-column elementor-col-100 elementor-top-column elementor-element elementor-element-4f56715f\" data-id=\"4f56715f\" data-element_type=\"column\" data-e-type=\"column\" data-settings=\"{&quot;background_background&quot;:&quot;classic&quot;}\">\n\t\t\t<div class=\"elementor-widget-wrap elementor-element-populated\">\n\t\t\t\t\t\t<div class=\"elementor-element elementor-element-c1b0a79 elementor-widget elementor-widget-heading\" data-id=\"c1b0a79\" data-element_type=\"widget\" data-e-type=\"widget\" data-widget_type=\"heading.default\">\n\t\t\t\t<div class=\"elementor-widget-container\">\n\t\t\t\t\t<h2 class=\"elementor-heading-title elementor-size-default\">THEORETISCHE AUSBILDUNG<\/h2>\t\t\t\t<\/div>\n\t\t\t\t<\/div>\n\t\t\t\t\t<\/div>\n\t\t<\/div>\n\t\t\t\t\t<\/div>\n\t\t<\/section>\n\t\t\t\t<section class=\"elementor-section elementor-top-section elementor-element elementor-element-6086f6e9 elementor-section-boxed elementor-section-height-default elementor-section-height-default\" data-id=\"6086f6e9\" data-element_type=\"section\" data-e-type=\"section\" data-settings=\"{&quot;background_background&quot;:&quot;classic&quot;,&quot;_ha_eqh_enable&quot;:false}\">\n\t\t\t\t\t\t<div class=\"elementor-container elementor-column-gap-default\">\n\t\t\t\t\t<div class=\"elementor-column elementor-col-50 elementor-top-column elementor-element elementor-element-2ad34101\" data-id=\"2ad34101\" data-element_type=\"column\" data-e-type=\"column\" data-settings=\"{&quot;background_background&quot;:&quot;classic&quot;}\">\n\t\t\t<div class=\"elementor-widget-wrap elementor-element-populated\">\n\t\t\t\t\t\t<div class=\"elementor-element elementor-element-76a50bc7 elementor-widget elementor-widget-heading\" data-id=\"76a50bc7\" data-element_type=\"widget\" data-e-type=\"widget\" data-widget_type=\"heading.default\">\n\t\t\t\t<div class=\"elementor-widget-container\">\n\t\t\t\t\t<h1 class=\"elementor-heading-title elementor-size-default\">\nID3 TOUCH<\/h1>\t\t\t\t<\/div>\n\t\t\t\t<\/div>\n\t\t\t\t<div class=\"elementor-element elementor-element-12ae62a7 elementor-widget elementor-widget-text-editor\" data-id=\"12ae62a7\" data-element_type=\"widget\" data-e-type=\"widget\" data-widget_type=\"text-editor.default\">\n\t\t\t\t<div class=\"elementor-widget-container\">\n\t\t\t\t\t\t\t\t\t<p>Wir sind jetzt auf dem neusten Stand der Technik. I3 Touch ist die modernste Technologie, die die Fahrschule zu bieten hat.<\/p>\t\t\t\t\t\t\t\t<\/div>\n\t\t\t\t<\/div>\n\t\t\t\t<div class=\"elementor-element elementor-element-8035891 elementor-widget elementor-widget-heading\" data-id=\"8035891\" data-element_type=\"widget\" data-e-type=\"widget\" data-widget_type=\"heading.default\">\n\t\t\t\t<div class=\"elementor-widget-container\">\n\t\t\t\t\t<h1 class=\"elementor-heading-title elementor-size-default\">PC RAUM BAD ZWISCHENAHN<\/h1>\t\t\t\t<\/div>\n\t\t\t\t<\/div>\n\t\t\t\t<div class=\"elementor-element elementor-element-a6248e9 elementor-widget elementor-widget-text-editor\" data-id=\"a6248e9\" data-element_type=\"widget\" data-e-type=\"widget\" data-widget_type=\"text-editor.default\">\n\t\t\t\t<div class=\"elementor-widget-container\">\n\t\t\t\t\t\t\t\t\t<p>Hier k\u00f6nnen sich die Fahrsch\u00fcler in Ruhe auf ihre Theorie Pr\u00fcfung vorbereiten.<\/p>\t\t\t\t\t\t\t\t<\/div>\n\t\t\t\t<\/div>\n\t\t\t\t<div class=\"elementor-element elementor-element-470c0e5 elementor-widget elementor-widget-heading\" data-id=\"470c0e5\" data-element_type=\"widget\" data-e-type=\"widget\" data-widget_type=\"heading.default\">\n\t\t\t\t<div class=\"elementor-widget-container\">\n\t\t\t\t\t<h1 class=\"elementor-heading-title elementor-size-default\">F\u00dcHRERSCHEINTHEORIE<\/h1>\t\t\t\t<\/div>\n\t\t\t\t<\/div>\n\t\t\t\t<div class=\"elementor-element elementor-element-239c1de elementor-widget elementor-widget-text-editor\" data-id=\"239c1de\" data-element_type=\"widget\" data-e-type=\"widget\" data-widget_type=\"text-editor.default\">\n\t\t\t\t<div class=\"elementor-widget-container\">\n\t\t\t\t\t\t\t\t\t<p>Wir Unterrichten mit dem neusten Stand\u00a0der Technik,\u00a0iD3 Touch ist die modernste Technologie, die die Fahrschule zu bieten hat.<\/p><p>In allen Filialen findet wie bisher zwei Mal w\u00f6chentlich der theoretische Unterricht statt. Vor dem eigentlichen Unterricht wird auch weiterhin die M\u00f6glichkeit geboten, sich mit Frageb\u00f6gen (auch auf dem PC), unter Aufsicht und mit der M\u00f6glichkeit Fragen zu stellen, auf die Pr\u00fcfung vorzubereiten.<\/p>\t\t\t\t\t\t\t\t<\/div>\n\t\t\t\t<\/div>\n\t\t\t\t<div class=\"elementor-element elementor-element-bd89d1c elementor-widget elementor-widget-text-editor\" data-id=\"bd89d1c\" data-element_type=\"widget\" data-e-type=\"widget\" data-widget_type=\"text-editor.default\">\n\t\t\t\t<div class=\"elementor-widget-container\">\n\t\t\t\t\t\t\t\t\t<p><strong>Die theoretische Pr\u00fcfung kann in folgenden Sprachen abgelegt werden:<\/strong><\/p><p>Deutsch, Englisch, Franz\u00f6sisch, Griechisch, Italienisch, Polnisch, Portugiesisch, Russisch, Rum\u00e4nisch, Kroatisch, Spanisch, T\u00fcrkisch, Arabisch<\/p>\t\t\t\t\t\t\t\t<\/div>\n\t\t\t\t<\/div>\n\t\t\t\t\t<\/div>\n\t\t<\/div>\n\t\t\t\t<div class=\"elementor-column elementor-col-50 elementor-top-column elementor-element elementor-element-c3c14ff\" data-id=\"c3c14ff\" data-element_type=\"column\" data-e-type=\"column\" data-settings=\"{&quot;background_background&quot;:&quot;classic&quot;}\">\n\t\t\t<div class=\"elementor-widget-wrap elementor-element-populated\">\n\t\t\t\t\t\t<div class=\"elementor-element elementor-element-ba6e1c3 elementor-widget elementor-widget-image\" data-id=\"ba6e1c3\" data-element_type=\"widget\" data-e-type=\"widget\" data-widget_type=\"image.default\">\n\t\t\t\t<div class=\"elementor-widget-container\">\n\t\t\t\t\t\t\t\t\t\t\t\t\t\t\t<img fetchpriority=\"high\" decoding=\"async\" width=\"1024\" height=\"768\" src=\"https:\/\/www.fahrschule-carsten-bruns.de\/wp\/wp-content\/uploads\/2022\/10\/Theorie-1024x768.jpg\" class=\"attachment-large size-large wp-image-668\" alt=\"\" srcset=\"https:\/\/www.fahrschule-carsten-bruns.de\/wp\/wp-content\/uploads\/2022\/10\/Theorie-1024x768.jpg 1024w, https:\/\/www.fahrschule-carsten-bruns.de\/wp\/wp-content\/uploads\/2022\/10\/Theorie-300x225.jpg 300w, https:\/\/www.fahrschule-carsten-bruns.de\/wp\/wp-content\/uploads\/2022\/10\/Theorie-768x576.jpg 768w, https:\/\/www.fahrschule-carsten-bruns.de\/wp\/wp-content\/uploads\/2022\/10\/Theorie-1536x1152.jpg 1536w, https:\/\/www.fahrschule-carsten-bruns.de\/wp\/wp-content\/uploads\/2022\/10\/Theorie-2048x1536.jpg 2048w\" sizes=\"(max-width: 1024px) 100vw, 1024px\" \/>\t\t\t\t\t\t\t\t\t\t\t\t\t\t\t<\/div>\n\t\t\t\t<\/div>\n\t\t\t\t\t<\/div>\n\t\t<\/div>\n\t\t\t\t\t<\/div>\n\t\t<\/section>\n\t\t\t\t<\/div>\n\t\t","protected":false},"excerpt":{"rendered":"<p>THEORETISCHE AUSBILDUNG ID3 TOUCH Wir sind jetzt auf dem neusten Stand der Technik. I3 Touch ist die modernste Technologie, die die Fahrschule zu bieten hat. PC RAUM BAD ZWISCHENAHN Hier k\u00f6nnen sich die Fahrsch\u00fcler in Ruhe auf ihre Theorie Pr\u00fcfung vorbereiten. F\u00dcHRERSCHEINTHEORIE Wir Unterrichten mit dem neusten Stand\u00a0der Technik,\u00a0iD3 Touch ist die modernste Technologie, die [&hellip;]<\/p>\n","protected":false},"author":1,"featured_media":0,"parent":0,"menu_order":0,"comment_status":"closed","ping_status":"closed","template":"","meta":{"site-sidebar-layout":"no-sidebar","site-content-layout":"page-builder","ast-site-content-layout":"","site-content-style":"default","site-sidebar-style":"default","ast-global-header-display":"","ast-banner-title-visibility":"","ast-main-header-display":"","ast-hfb-above-header-display":"","ast-hfb-below-header-display":"","ast-hfb-mobile-header-display":"","site-post-title":"disabled","ast-breadcrumbs-content":"","ast-featured-img":"disabled","footer-sml-layout":"","theme-transparent-header-meta":"","adv-header-id-meta":"","stick-header-meta":"","header-above-stick-meta":"","header-main-stick-meta":"","header-below-stick-meta":"","astra-migrate-meta-layouts":"default","ast-page-background-enabled":"default","ast-page-background-meta":{"desktop":{"background-color":"var(--ast-global-color-4)","background-image":"","background-repeat":"repeat","background-position":"center center","background-size":"auto","background-attachment":"scroll","background-type":"","background-media":"","overlay-type":"","overlay-color":"","overlay-opacity":"","overlay-gradient":""},"tablet":{"background-color":"","background-image":"","background-repeat":"repeat","background-position":"center center","background-size":"auto","background-attachment":"scroll","background-type":"","background-media":"","overlay-type":"","overlay-color":"","overlay-opacity":"","overlay-gradient":""},"mobile":{"background-color":"","background-image":"","background-repeat":"repeat","background-position":"center center","background-size":"auto","background-attachment":"scroll","background-type":"","background-media":"","overlay-type":"","overlay-color":"","overlay-opacity":"","overlay-gradient":""}},"ast-content-background-meta":{"desktop":{"background-color":"var(--ast-global-color-5)","background-image":"","background-repeat":"repeat","background-position":"center center","background-size":"auto","background-attachment":"scroll","background-type":"","background-media":"","overlay-type":"","overlay-color":"","overlay-opacity":"","overlay-gradient":""},"tablet":{"background-color":"var(--ast-global-color-5)","background-image":"","background-repeat":"repeat","background-position":"center center","background-size":"auto","background-attachment":"scroll","background-type":"","background-media":"","overlay-type":"","overlay-color":"","overlay-opacity":"","overlay-gradient":""},"mobile":{"background-color":"var(--ast-global-color-5)","background-image":"","background-repeat":"repeat","background-position":"center center","background-size":"auto","background-attachment":"scroll","background-type":"","background-media":"","overlay-type":"","overlay-color":"","overlay-opacity":"","overlay-gradient":""}},"footnotes":""},"class_list":["post-645","page","type-page","status-publish","hentry"],"_links":{"self":[{"href":"https:\/\/www.fahrschule-carsten-bruns.de\/wp\/wp-json\/wp\/v2\/pages\/645","targetHints":{"allow":["GET"]}}],"collection":[{"href":"https:\/\/www.fahrschule-carsten-bruns.de\/wp\/wp-json\/wp\/v2\/pages"}],"about":[{"href":"https:\/\/www.fahrschule-carsten-bruns.de\/wp\/wp-json\/wp\/v2\/types\/page"}],"author":[{"embeddable":true,"href":"https:\/\/www.fahrschule-carsten-bruns.de\/wp\/wp-json\/wp\/v2\/users\/1"}],"replies":[{"embeddable":true,"href":"https:\/\/www.fahrschule-carsten-bruns.de\/wp\/wp-json\/wp\/v2\/comments?post=645"}],"version-history":[{"count":25,"href":"https:\/\/www.fahrschule-carsten-bruns.de\/wp\/wp-json\/wp\/v2\/pages\/645\/revisions"}],"predecessor-version":[{"id":1015,"href":"https:\/\/www.fahrschule-carsten-bruns.de\/wp\/wp-json\/wp\/v2\/pages\/645\/revisions\/1015"}],"wp:attachment":[{"href":"https:\/\/www.fahrschule-carsten-bruns.de\/wp\/wp-json\/wp\/v2\/media?parent=645"}],"curies":[{"name":"wp","href":"https:\/\/api.w.org\/{rel}","templated":true}]}}