{"id":741,"date":"2022-10-30T09:52:14","date_gmt":"2022-10-30T09:52:14","guid":{"rendered":"https:\/\/www.fahrschule-carsten-bruns.de\/wp\/?page_id=741"},"modified":"2022-12-17T16:30:10","modified_gmt":"2022-12-17T16:30:10","slug":"klasse-b","status":"publish","type":"page","link":"https:\/\/www.fahrschule-carsten-bruns.de\/wp\/klasse-b\/","title":{"rendered":"Klasse B"},"content":{"rendered":"\t\t<div data-elementor-type=\"wp-page\" data-elementor-id=\"741\" class=\"elementor elementor-741\" data-elementor-settings=\"{&quot;ha_cmc_init_switcher&quot;:&quot;no&quot;}\">\n\t\t\t\t\t\t<section class=\"elementor-section elementor-top-section elementor-element elementor-element-7e77ec33 elementor-section-boxed elementor-section-height-default elementor-section-height-default\" data-id=\"7e77ec33\" data-element_type=\"section\" data-e-type=\"section\" data-settings=\"{&quot;background_background&quot;:&quot;classic&quot;,&quot;_ha_eqh_enable&quot;:false}\">\n\t\t\t\t\t\t<div class=\"elementor-container elementor-column-gap-default\">\n\t\t\t\t\t<div class=\"elementor-column elementor-col-100 elementor-top-column elementor-element elementor-element-4f56715f\" data-id=\"4f56715f\" data-element_type=\"column\" data-e-type=\"column\" data-settings=\"{&quot;background_background&quot;:&quot;classic&quot;}\">\n\t\t\t<div class=\"elementor-widget-wrap elementor-element-populated\">\n\t\t\t\t\t\t<div class=\"elementor-element elementor-element-c1b0a79 elementor-widget elementor-widget-heading\" data-id=\"c1b0a79\" data-element_type=\"widget\" data-e-type=\"widget\" data-widget_type=\"heading.default\">\n\t\t\t\t<div class=\"elementor-widget-container\">\n\t\t\t\t\t<h2 class=\"elementor-heading-title elementor-size-default\">F\u00dcHRERSCHEINKLASSE<\/h2>\t\t\t\t<\/div>\n\t\t\t\t<\/div>\n\t\t\t\t<div class=\"elementor-element elementor-element-254c85b elementor-widget elementor-widget-heading\" data-id=\"254c85b\" data-element_type=\"widget\" data-e-type=\"widget\" data-widget_type=\"heading.default\">\n\t\t\t\t<div class=\"elementor-widget-container\">\n\t\t\t\t\t<h1 class=\"elementor-heading-title elementor-size-default\">KLASSE B<\/h1>\t\t\t\t<\/div>\n\t\t\t\t<\/div>\n\t\t\t\t\t<\/div>\n\t\t<\/div>\n\t\t\t\t\t<\/div>\n\t\t<\/section>\n\t\t\t\t<section class=\"elementor-section elementor-top-section elementor-element elementor-element-6086f6e9 elementor-section-boxed elementor-section-height-default elementor-section-height-default\" data-id=\"6086f6e9\" data-element_type=\"section\" data-e-type=\"section\" data-settings=\"{&quot;background_background&quot;:&quot;classic&quot;,&quot;_ha_eqh_enable&quot;:false}\">\n\t\t\t\t\t\t<div class=\"elementor-container elementor-column-gap-default\">\n\t\t\t\t\t<div class=\"elementor-column elementor-col-50 elementor-top-column elementor-element elementor-element-2ad34101\" data-id=\"2ad34101\" data-element_type=\"column\" data-e-type=\"column\" data-settings=\"{&quot;background_background&quot;:&quot;classic&quot;}\">\n\t\t\t<div class=\"elementor-widget-wrap elementor-element-populated\">\n\t\t\t\t\t\t<div class=\"elementor-element elementor-element-76a50bc7 elementor-widget elementor-widget-heading\" data-id=\"76a50bc7\" data-element_type=\"widget\" data-e-type=\"widget\" data-widget_type=\"heading.default\">\n\t\t\t\t<div class=\"elementor-widget-container\">\n\t\t\t\t\t<h1 class=\"elementor-heading-title elementor-size-default\">KLASSE B AB 19.01.2013<\/h1>\t\t\t\t<\/div>\n\t\t\t\t<\/div>\n\t\t\t\t<div class=\"elementor-element elementor-element-12ae62a7 elementor-widget elementor-widget-text-editor\" data-id=\"12ae62a7\" data-element_type=\"widget\" data-e-type=\"widget\" data-widget_type=\"text-editor.default\">\n\t\t\t\t<div class=\"elementor-widget-container\">\n\t\t\t\t\t\t\t\t\t<p>Kraftfahrzeuge \u2013 ausgenommen Kraftfahrzeuge der Klassen AM, A1, A2 und A \u2013 mit einer zul\u00e4ssigen Gesamtmasse von nicht mehr als 3,5 t, die zur Bef\u00f6rderung von nicht mehr als 8 Personen au\u00dfer dem Fahrzeugf\u00fchrer ausgelegt und gebaut sind (auch Anh\u00e4nger mit einer zul\u00e4ssigen Gesamtmasse von nicht mehr als 750 kg oder mit Anh\u00e4nger \u00fcber 750 kg zul\u00e4ssiger Gesamtmasse, sofern 3,5 t zul\u00e4ssige Gesamtmasse der Kombination nicht \u00fcberschritten wird).<br \/><br \/>Mindestalter: 18 (bF 17)<br \/>Vorbesitz: &#8211;<br \/>Eingeschlossene Klassen: AM, L<br \/><br \/>Sehtest bei Anmeldung (nicht \u00e4lter als 2 Jahre)<br \/><br \/>Begleitendes Fahren mit 17 Jahren (F\u00fchrerscheinausbildung mit 16 \u00bd m\u00f6glich)<\/p>\t\t\t\t\t\t\t\t<\/div>\n\t\t\t\t<\/div>\n\t\t\t\t<div class=\"elementor-element elementor-element-18a748d elementor-widget elementor-widget-heading\" data-id=\"18a748d\" data-element_type=\"widget\" data-e-type=\"widget\" data-widget_type=\"heading.default\">\n\t\t\t\t<div class=\"elementor-widget-container\">\n\t\t\t\t\t<h1 class=\"elementor-heading-title elementor-size-default\">F\u00dcHRERSCHEINAUSBILDUNG<\/h1>\t\t\t\t<\/div>\n\t\t\t\t<\/div>\n\t\t\t\t<div class=\"elementor-element elementor-element-bb40ce7 elementor-widget elementor-widget-text-editor\" data-id=\"bb40ce7\" data-element_type=\"widget\" data-e-type=\"widget\" data-widget_type=\"text-editor.default\">\n\t\t\t\t<div class=\"elementor-widget-container\">\n\t\t\t\t\t\t\t\t\t<p><strong>Theorie bei Ersterwerb<\/strong><\/p><ul><li>12 x 90 Min Grundstoff<\/li><li>2 x 90 Min klassenspezifischer Stoff<\/li><\/ul><p><strong>Theorie bei Erweiterung<\/strong><\/p><ul><li>6 x 90 Min Grundstoff<\/li><li>2 x 90 Min klassenspezifischer Stoff<\/li><\/ul><p>Der theoretische Unterricht richtet sich nach dem Ausbildungsplan der Fahrschule und soll 2 x 90 Min Unterricht am Tag nicht \u00fcberschreiten.<\/p><p><strong>Praktische Mindestausbildung<\/strong><\/p><ul><li>5 x 45 Min \u00dcberland<\/li><li>4 x 45 Min Autobahn<\/li><li>3 x 45 Min Nachtfahrt<\/li><\/ul><p>\u00a0<\/p>\t\t\t\t\t\t\t\t<\/div>\n\t\t\t\t<\/div>\n\t\t\t\t\t<\/div>\n\t\t<\/div>\n\t\t\t\t<div class=\"elementor-column elementor-col-50 elementor-top-column elementor-element elementor-element-e6083f8\" data-id=\"e6083f8\" data-element_type=\"column\" data-e-type=\"column\" data-settings=\"{&quot;background_background&quot;:&quot;classic&quot;}\">\n\t\t\t<div class=\"elementor-widget-wrap elementor-element-populated\">\n\t\t\t\t\t\t<div class=\"elementor-element elementor-element-6a0247a elementor-widget elementor-widget-image\" data-id=\"6a0247a\" data-element_type=\"widget\" data-e-type=\"widget\" data-widget_type=\"image.default\">\n\t\t\t\t<div class=\"elementor-widget-container\">\n\t\t\t\t\t\t\t\t\t\t\t\t\t\t\t<img fetchpriority=\"high\" decoding=\"async\" width=\"768\" height=\"576\" src=\"https:\/\/www.fahrschule-carsten-bruns.de\/wp\/wp-content\/uploads\/2022\/12\/bmx1-768x576.jpg\" class=\"attachment-medium_large size-medium_large wp-image-989\" alt=\"BMW X1\" srcset=\"https:\/\/www.fahrschule-carsten-bruns.de\/wp\/wp-content\/uploads\/2022\/12\/bmx1-768x576.jpg 768w, https:\/\/www.fahrschule-carsten-bruns.de\/wp\/wp-content\/uploads\/2022\/12\/bmx1-300x225.jpg 300w, https:\/\/www.fahrschule-carsten-bruns.de\/wp\/wp-content\/uploads\/2022\/12\/bmx1-1024x768.jpg 1024w, https:\/\/www.fahrschule-carsten-bruns.de\/wp\/wp-content\/uploads\/2022\/12\/bmx1-1536x1152.jpg 1536w, https:\/\/www.fahrschule-carsten-bruns.de\/wp\/wp-content\/uploads\/2022\/12\/bmx1.jpg 2016w\" sizes=\"(max-width: 768px) 100vw, 768px\" \/>\t\t\t\t\t\t\t\t\t\t\t\t\t\t\t<\/div>\n\t\t\t\t<\/div>\n\t\t\t\t<div class=\"elementor-element elementor-element-f342320 elementor-widget elementor-widget-heading\" data-id=\"f342320\" data-element_type=\"widget\" data-e-type=\"widget\" data-widget_type=\"heading.default\">\n\t\t\t\t<div class=\"elementor-widget-container\">\n\t\t\t\t\t<h1 class=\"elementor-heading-title elementor-size-default\">KLASSE B BIS 18.01.2013<\/h1>\t\t\t\t<\/div>\n\t\t\t\t<\/div>\n\t\t\t\t<div class=\"elementor-element elementor-element-d142e64 elementor-widget elementor-widget-text-editor\" data-id=\"d142e64\" data-element_type=\"widget\" data-e-type=\"widget\" data-widget_type=\"text-editor.default\">\n\t\t\t\t<div class=\"elementor-widget-container\">\n\t\t\t\t\t\t\t\t\t<p>PKW und kleine LKW mit einem zGG von nicht mehr als 3,5t und nicht mehr als acht (au\u00dfer Fahrersitz) Sitzpl\u00e4tzen<\/p><ul><li>bis max. 750 kg darf ein Anh\u00e4nger mitgef\u00fchrt werden<\/li><li>Anh\u00e4nger \u00fcber 750 kg zGG nur dann, wenn die Gesamtkombination nicht \u00fcber 3,5 t und Leermasse gr\u00f6\u00dfer als zGG vom Anh\u00e4nger ist<\/li><li>Mindestalter 18 Jahre (mit 17 \u00bd Jahren F\u00fchrerscheinausbildung m\u00f6glich)<\/li><li>kein Vorbesitz einer Klasse erforderlich<\/li><li>Einschluss der Klassen L, M, S<\/li><li>Sehtest bei Anmeldung (nicht \u00e4lter als 2 Jahre)<\/li><li>begleitendes Fahren mit 17 Jahren (F\u00fchrerscheinausbildung mit 16 \u00bd m\u00f6glich)<\/li><\/ul>\t\t\t\t\t\t\t\t<\/div>\n\t\t\t\t<\/div>\n\t\t\t\t\t<\/div>\n\t\t<\/div>\n\t\t\t\t\t<\/div>\n\t\t<\/section>\n\t\t\t\t<\/div>\n\t\t","protected":false},"excerpt":{"rendered":"<p>F\u00dcHRERSCHEINKLASSE KLASSE B KLASSE B AB 19.01.2013 Kraftfahrzeuge \u2013 ausgenommen Kraftfahrzeuge der Klassen AM, A1, A2 und A \u2013 mit einer zul\u00e4ssigen Gesamtmasse von nicht mehr als 3,5 t, die zur Bef\u00f6rderung von nicht mehr als 8 Personen au\u00dfer dem Fahrzeugf\u00fchrer ausgelegt und gebaut sind (auch Anh\u00e4nger mit einer zul\u00e4ssigen Gesamtmasse von nicht mehr als [&hellip;]<\/p>\n","protected":false},"author":1,"featured_media":0,"parent":0,"menu_order":0,"comment_status":"closed","ping_status":"closed","template":"","meta":{"site-sidebar-layout":"no-sidebar","site-content-layout":"page-builder","ast-site-content-layout":"","site-content-style":"default","site-sidebar-style":"default","ast-global-header-display":"","ast-banner-title-visibility":"","ast-main-header-display":"","ast-hfb-above-header-display":"","ast-hfb-below-header-display":"","ast-hfb-mobile-header-display":"","site-post-title":"disabled","ast-breadcrumbs-content":"","ast-featured-img":"disabled","footer-sml-layout":"","theme-transparent-header-meta":"","adv-header-id-meta":"","stick-header-meta":"","header-above-stick-meta":"","header-main-stick-meta":"","header-below-stick-meta":"","astra-migrate-meta-layouts":"default","ast-page-background-enabled":"default","ast-page-background-meta":{"desktop":{"background-color":"var(--ast-global-color-4)","background-image":"","background-repeat":"repeat","background-position":"center center","background-size":"auto","background-attachment":"scroll","background-type":"","background-media":"","overlay-type":"","overlay-color":"","overlay-opacity":"","overlay-gradient":""},"tablet":{"background-color":"","background-image":"","background-repeat":"repeat","background-position":"center center","background-size":"auto","background-attachment":"scroll","background-type":"","background-media":"","overlay-type":"","overlay-color":"","overlay-opacity":"","overlay-gradient":""},"mobile":{"background-color":"","background-image":"","background-repeat":"repeat","background-position":"center center","background-size":"auto","background-attachment":"scroll","background-type":"","background-media":"","overlay-type":"","overlay-color":"","overlay-opacity":"","overlay-gradient":""}},"ast-content-background-meta":{"desktop":{"background-color":"var(--ast-global-color-5)","background-image":"","background-repeat":"repeat","background-position":"center center","background-size":"auto","background-attachment":"scroll","background-type":"","background-media":"","overlay-type":"","overlay-color":"","overlay-opacity":"","overlay-gradient":""},"tablet":{"background-color":"var(--ast-global-color-5)","background-image":"","background-repeat":"repeat","background-position":"center center","background-size":"auto","background-attachment":"scroll","background-type":"","background-media":"","overlay-type":"","overlay-color":"","overlay-opacity":"","overlay-gradient":""},"mobile":{"background-color":"var(--ast-global-color-5)","background-image":"","background-repeat":"repeat","background-position":"center center","background-size":"auto","background-attachment":"scroll","background-type":"","background-media":"","overlay-type":"","overlay-color":"","overlay-opacity":"","overlay-gradient":""}},"footnotes":""},"class_list":["post-741","page","type-page","status-publish","hentry"],"_links":{"self":[{"href":"https:\/\/www.fahrschule-carsten-bruns.de\/wp\/wp-json\/wp\/v2\/pages\/741","targetHints":{"allow":["GET"]}}],"collection":[{"href":"https:\/\/www.fahrschule-carsten-bruns.de\/wp\/wp-json\/wp\/v2\/pages"}],"about":[{"href":"https:\/\/www.fahrschule-carsten-bruns.de\/wp\/wp-json\/wp\/v2\/types\/page"}],"author":[{"embeddable":true,"href":"https:\/\/www.fahrschule-carsten-bruns.de\/wp\/wp-json\/wp\/v2\/users\/1"}],"replies":[{"embeddable":true,"href":"https:\/\/www.fahrschule-carsten-bruns.de\/wp\/wp-json\/wp\/v2\/comments?post=741"}],"version-history":[{"count":28,"href":"https:\/\/www.fahrschule-carsten-bruns.de\/wp\/wp-json\/wp\/v2\/pages\/741\/revisions"}],"predecessor-version":[{"id":1024,"href":"https:\/\/www.fahrschule-carsten-bruns.de\/wp\/wp-json\/wp\/v2\/pages\/741\/revisions\/1024"}],"wp:attachment":[{"href":"https:\/\/www.fahrschule-carsten-bruns.de\/wp\/wp-json\/wp\/v2\/media?parent=741"}],"curies":[{"name":"wp","href":"https:\/\/api.w.org\/{rel}","templated":true}]}}